{"id":42,"date":"2013-10-15T12:59:58","date_gmt":"2013-10-15T12:59:58","guid":{"rendered":"http:\/\/k2info.w.uib.no\/?page_id=42"},"modified":"2026-02-26T11:06:43","modified_gmt":"2026-02-26T10:06:43","slug":"pagaweb","status":"publish","type":"page","link":"https:\/\/k2info.w.uib.no\/en\/nyttige-linker\/pagaweb\/","title":{"rendered":"Self-service portal DF\u00d8"},"content":{"rendered":"<p>All employees must use the self-service portal and the DF\u00d8 app to register, among other things, time, travel expenses, expense reimbursement, leave applications, additional tax deductions, vacation applications and transfer of vacation days.<\/p>\n\n\n\n<p>More information can be found here: <a href=\"https:\/\/www.uib.no\/selvbetjeningsportalen\">The self-service portal<\/a><\/p>\n\n\n\n<figure class=\"wp-block-image\"><a href=\"https:\/\/k2info.w.uib.no\/en\/files\/2025\/06\/Screenshot-2020-02-17-at-12.36.13.png.jpg\/\"><img loading=\"lazy\" decoding=\"async\" width=\"1024\" height=\"683\" src=\"https:\/\/k2info.w.uib.no\/files\/2025\/06\/Screenshot-2020-02-17-at-12.36.13.png.jpg\" alt=\"\" class=\"wp-image-25641\" srcset=\"https:\/\/k2info.w.uib.no\/files\/2025\/06\/Screenshot-2020-02-17-at-12.36.13.png.jpg 1024w, https:\/\/k2info.w.uib.no\/files\/2025\/06\/Screenshot-2020-02-17-at-12.36.13.png-300x200.jpg 300w, https:\/\/k2info.w.uib.no\/files\/2025\/06\/Screenshot-2020-02-17-at-12.36.13.png-768x512.jpg 768w, https:\/\/k2info.w.uib.no\/files\/2025\/06\/Screenshot-2020-02-17-at-12.36.13.png-624x416.jpg 624w\" sizes=\"auto, (max-width: 1024px) 100vw, 1024px\" \/><\/a><\/figure>\n\n\n\n<p><\/p>","protected":false},"excerpt":{"rendered":"<p>Alle ansatte skal bruke selvbetjeningsportalen og DF\u00d8 appen\u00a0til \u00e5 registrere blant annet tid, reiseregninger, utgiftsrefusjon, permisjonss\u00f8knad, ekstra skattetrekk, feries\u00f8knad og overf\u00f8ring av feriedager. Mer informasjon finner du her: Selvbetjeningsportalen<\/p>\n<p class=\"more-link-p\"><a class=\"more-link\" href=\"https:\/\/k2info.w.uib.no\/en\/nyttige-linker\/pagaweb\/\">Read more &rarr;<\/a><\/p>","protected":false},"author":2783,"featured_media":0,"parent":8,"menu_order":3,"comment_status":"closed","ping_status":"open","template":"","meta":{"footnotes":""},"class_list":["post-42","page","type-page","status-publish","hentry"],"_links":{"self":[{"href":"https:\/\/k2info.w.uib.no\/en\/wp-json\/wp\/v2\/pages\/42","targetHints":{"allow":["GET"]}}],"collection":[{"href":"https:\/\/k2info.w.uib.no\/en\/wp-json\/wp\/v2\/pages"}],"about":[{"href":"https:\/\/k2info.w.uib.no\/en\/wp-json\/wp\/v2\/types\/page"}],"author":[{"embeddable":true,"href":"https:\/\/k2info.w.uib.no\/en\/wp-json\/wp\/v2\/users\/2783"}],"replies":[{"embeddable":true,"href":"https:\/\/k2info.w.uib.no\/en\/wp-json\/wp\/v2\/comments?post=42"}],"version-history":[{"count":26,"href":"https:\/\/k2info.w.uib.no\/en\/wp-json\/wp\/v2\/pages\/42\/revisions"}],"predecessor-version":[{"id":27821,"href":"https:\/\/k2info.w.uib.no\/en\/wp-json\/wp\/v2\/pages\/42\/revisions\/27821"}],"up":[{"embeddable":true,"href":"https:\/\/k2info.w.uib.no\/en\/wp-json\/wp\/v2\/pages\/8"}],"wp:attachment":[{"href":"https:\/\/k2info.w.uib.no\/en\/wp-json\/wp\/v2\/media?parent=42"}],"curies":[{"name":"wp","href":"https:\/\/api.w.org\/{rel}","templated":true}]}}