{"id":3100,"date":"2014-04-23T12:15:22","date_gmt":"2014-04-23T12:15:22","guid":{"rendered":"http:\/\/k2info.w.uib.no\/?page_id=3100"},"modified":"2025-09-22T11:55:35","modified_gmt":"2025-09-22T10:55:35","slug":"om-k2nytt","status":"publish","type":"page","link":"https:\/\/k2info.w.uib.no\/en\/om-k2nytt\/","title":{"rendered":"About K2Nytt"},"content":{"rendered":"<p>K2 Nytt is the newsletter of Clinical Institute 2. The newsletter is edited by fellows and administrative staff, and is published once a week. If you have any questions or comments, please send them by email to the editor.<\/p>\n\n\n\n<p>Current editor:&nbsp;<a href=\"https:\/\/www4.uib.no\/finn-ansatte\/Ingri.Skulstad.Lunde\">https:\/\/www4.uib.no\/finn-ansatte\/Ingri.Skulstad.Lunde<\/a><\/p>\n\n\n\n<figure class=\"wp-block-image\"><img decoding=\"async\" src=\"https:\/\/img.freepik.com\/premium-vector\/news-editor-desk-workspace_48369-9212.jpg?w=740\" alt=\"News editor desk workspace | Premium Vector\" \/><\/figure>","protected":false},"excerpt":{"rendered":"<p>K2 Nytt er nyhetsbrevet til Klinisk institutt 2. Nyhetsbrevet redigeres av stipendiater og ansatte i administrasjonen, og kommer ut en gang i uken. Har du sp\u00f8rsm\u00e5l eller kommentarer send dem gjerne p\u00e5 mail til redakt\u00f8ren. N\u00e5v\u00e6rende redakt\u00f8r:&nbsp;https:\/\/www4.uib.no\/finn-ansatte\/Ingri.Skulstad.Lunde<\/p>\n<p class=\"more-link-p\"><a class=\"more-link\" href=\"https:\/\/k2info.w.uib.no\/en\/om-k2nytt\/\">Read more &rarr;<\/a><\/p>","protected":false},"author":2800,"featured_media":0,"parent":0,"menu_order":6,"comment_status":"open","ping_status":"closed","template":"","meta":{"footnotes":""},"class_list":["post-3100","page","type-page","status-publish","hentry"],"_links":{"self":[{"href":"https:\/\/k2info.w.uib.no\/en\/wp-json\/wp\/v2\/pages\/3100","targetHints":{"allow":["GET"]}}],"collection":[{"href":"https:\/\/k2info.w.uib.no\/en\/wp-json\/wp\/v2\/pages"}],"about":[{"href":"https:\/\/k2info.w.uib.no\/en\/wp-json\/wp\/v2\/types\/page"}],"author":[{"embeddable":true,"href":"https:\/\/k2info.w.uib.no\/en\/wp-json\/wp\/v2\/users\/2800"}],"replies":[{"embeddable":true,"href":"https:\/\/k2info.w.uib.no\/en\/wp-json\/wp\/v2\/comments?post=3100"}],"version-history":[{"count":37,"href":"https:\/\/k2info.w.uib.no\/en\/wp-json\/wp\/v2\/pages\/3100\/revisions"}],"predecessor-version":[{"id":26233,"href":"https:\/\/k2info.w.uib.no\/en\/wp-json\/wp\/v2\/pages\/3100\/revisions\/26233"}],"wp:attachment":[{"href":"https:\/\/k2info.w.uib.no\/en\/wp-json\/wp\/v2\/media?parent=3100"}],"curies":[{"name":"wp","href":"https:\/\/api.w.org\/{rel}","templated":true}]}}