{"id":24434,"date":"2024-12-09T13:48:34","date_gmt":"2024-12-09T12:48:34","guid":{"rendered":"https:\/\/k2info.w.uib.no\/?page_id=24434"},"modified":"2026-02-26T11:10:55","modified_gmt":"2026-02-26T10:10:55","slug":"hms","status":"publish","type":"page","link":"https:\/\/k2info.w.uib.no\/en\/hms-handbok-for-k2\/hms\/","title":{"rendered":"HSE"},"content":{"rendered":"\n<p>P\u00e5 denne lenken finner du kortfattet informasjon om K2 sitt HMS\u2011arbeid og hvilke forventninger som stilles til ansatte. H\u00e5ndboken forklarer hvordan HMS er organisert ved instituttet og peker videre til del 2, der konkrete rutiner, krav og prosedyrer ligger. Den understreker at alle ansatte har ansvar for \u00e5 sette seg inn i gjeldende HMS\u2011praksis og be om hjelp ved behov. Siden K2 holder til i et laboratoriebygg tett p\u00e5 sykehus og pasienter, er godt HMS\u2011arbeid s\u00e6rlig viktig. M\u00e5let er et trygt, inkluderende og velfungerende arbeidsmilj\u00f8 for alle.<\/p>\n\n\n<p><a href=\"https:\/\/w3.uib.no\/nb\/klin2\/118638\/hms-h%C3%A5ndbok\">HMS<\/a><\/p>\n<p><a href=\"https:\/\/k2info.w.uib.no\/files\/2024\/12\/hms-4human-1.jpg\"><img loading=\"lazy\" decoding=\"async\" class=\"alignnone size-large wp-image-24435\" src=\"https:\/\/k2info.w.uib.no\/files\/2024\/12\/hms-4human-1-1024x683.jpg\" alt=\"\" width=\"625\" height=\"417\" srcset=\"https:\/\/k2info.w.uib.no\/files\/2024\/12\/hms-4human-1-1024x683.jpg 1024w, https:\/\/k2info.w.uib.no\/files\/2024\/12\/hms-4human-1-300x200.jpg 300w, https:\/\/k2info.w.uib.no\/files\/2024\/12\/hms-4human-1-768x512.jpg 768w, https:\/\/k2info.w.uib.no\/files\/2024\/12\/hms-4human-1-1536x1025.jpg 1536w, https:\/\/k2info.w.uib.no\/files\/2024\/12\/hms-4human-1-2048x1366.jpg 2048w, https:\/\/k2info.w.uib.no\/files\/2024\/12\/hms-4human-1-624x416.jpg 624w\" sizes=\"auto, (max-width: 625px) 100vw, 625px\" \/><\/a>[:]<\/p>","protected":false},"excerpt":{"rendered":"<p>P\u00e5 denne lenken finner du kortfattet informasjon om K2 sitt HMS\u2011arbeid og hvilke forventninger som stilles til ansatte. H\u00e5ndboken forklarer hvordan HMS er organisert ved instituttet og peker videre til del 2, der konkrete rutiner, krav og prosedyrer ligger. Den&hellip;<\/p>\n<p class=\"more-link-p\"><a class=\"more-link\" href=\"https:\/\/k2info.w.uib.no\/en\/hms-handbok-for-k2\/hms\/\">Read more &rarr;<\/a><\/p>","protected":false},"author":5375,"featured_media":0,"parent":55,"menu_order":0,"comment_status":"closed","ping_status":"closed","template":"","meta":{"footnotes":""},"class_list":["post-24434","page","type-page","status-publish","hentry"],"_links":{"self":[{"href":"https:\/\/k2info.w.uib.no\/en\/wp-json\/wp\/v2\/pages\/24434","targetHints":{"allow":["GET"]}}],"collection":[{"href":"https:\/\/k2info.w.uib.no\/en\/wp-json\/wp\/v2\/pages"}],"about":[{"href":"https:\/\/k2info.w.uib.no\/en\/wp-json\/wp\/v2\/types\/page"}],"author":[{"embeddable":true,"href":"https:\/\/k2info.w.uib.no\/en\/wp-json\/wp\/v2\/users\/5375"}],"replies":[{"embeddable":true,"href":"https:\/\/k2info.w.uib.no\/en\/wp-json\/wp\/v2\/comments?post=24434"}],"version-history":[{"count":4,"href":"https:\/\/k2info.w.uib.no\/en\/wp-json\/wp\/v2\/pages\/24434\/revisions"}],"predecessor-version":[{"id":27827,"href":"https:\/\/k2info.w.uib.no\/en\/wp-json\/wp\/v2\/pages\/24434\/revisions\/27827"}],"up":[{"embeddable":true,"href":"https:\/\/k2info.w.uib.no\/en\/wp-json\/wp\/v2\/pages\/55"}],"wp:attachment":[{"href":"https:\/\/k2info.w.uib.no\/en\/wp-json\/wp\/v2\/media?parent=24434"}],"curies":[{"name":"wp","href":"https:\/\/api.w.org\/{rel}","templated":true}]}}